{"id":22,"date":"2023-10-30T12:37:15","date_gmt":"2023-10-30T12:37:15","guid":{"rendered":"https:\/\/bitcoin-future.trading\/?page_id=22"},"modified":"2025-12-15T09:09:17","modified_gmt":"2025-12-15T09:09:17","slug":"datenschutzrichtlinie","status":"publish","type":"page","link":"https:\/\/bitcoin-future.trading\/de\/privacy-policy\/","title":{"rendered":"Datenschutzrichtlinie\u00a0"},"content":{"rendered":"<div data-elementor-type=\"wp-page\" data-elementor-id=\"22\" class=\"elementor elementor-22\" data-elementor-post-type=\"page\">\n\t\t\t\t<div class=\"elementor-element elementor-element-5d3280d e-flex e-con-boxed e-con e-parent\" data-id=\"5d3280d\" data-element_type=\"container\" data-e-type=\"container\" data-settings=\"{&quot;background_background&quot;:&quot;classic&quot;}\">\n\t\t\t\t\t<div class=\"e-con-inner\">\n\t\t\t\t<div class=\"elementor-element elementor-element-a609235 elementor-widget elementor-widget-spacer\" data-id=\"a609235\" data-element_type=\"widget\" data-e-type=\"widget\" data-widget_type=\"spacer.default\">\n\t\t\t\t\t\t\t<div class=\"elementor-spacer\">\n\t\t\t<div class=\"elementor-spacer-inner\"><\/div>\n\t\t<\/div>\n\t\t\t\t\t\t<\/div>\n\t\t<div class=\"elementor-element elementor-element-2ece444 e-flex e-con-boxed e-con e-child\" data-id=\"2ece444\" data-element_type=\"container\" data-e-type=\"container\">\n\t\t\t\t\t<div class=\"e-con-inner\">\n\t\t\t\t<div class=\"elementor-element elementor-element-72aabc7 elementor-widget elementor-widget-heading\" data-id=\"72aabc7\" data-element_type=\"widget\" data-e-type=\"widget\" data-widget_type=\"heading.default\">\n\t\t\t\t\t<h1 class=\"elementor-heading-title elementor-size-default\">DATENSCHUTZRICHTLINIE<\/h1>\t\t\t\t<\/div>\n\t\t\t\t<div class=\"elementor-element elementor-element-d9c6aed elementor-widget elementor-widget-text-editor\" data-id=\"d9c6aed\" data-element_type=\"widget\" data-e-type=\"widget\" data-widget_type=\"text-editor.default\">\n\t\t\t\t\t\t\t\t\t<header id=\"home\" class=\"content p-0 p-md-5 text-center\"><div class=\"container highlight\"><div class=\"jumbotron px-0 px-md-2\"><div class=\"jumbotron-body\"><div class=\"lead\"><p>This page is used to inform website visitors regarding our policies with the collection, use, and disclosure of Personal Information if anyone decided to use our Service, the <strong>Bitcoin-Future<\/strong> website.<\/p><p>Wenn Sie sich f\u00fcr die Nutzung unseres Dienstes entscheiden, stimmen Sie der Erfassung und Verwendung von Informationen im Zusammenhang mit dieser Richtlinie zu. Die von uns gesammelten personenbezogenen Daten werden zur Bereitstellung und Verbesserung des Dienstes verwendet. Wir werden Ihre Daten weder verwenden noch an Dritte weitergeben, au\u00dfer wie in dieser Datenschutzrichtlinie beschrieben.<\/p><p>Die in dieser Datenschutzrichtlinie verwendeten Begriffe haben die gleiche Bedeutung wie in unseren Allgemeinen Gesch\u00e4ftsbedingungen, die unter folgender Adresse abrufbar sind: <a href=\"https:\/\/bitcoin-future.trading\/de\/geschaftsbedingungen\/\">https:\/\/bitcoin-future.trading\/terms-conditions\/<\/a> sofern in dieser Datenschutzrichtlinie nichts anderes definiert ist.<\/p><h2><span style=\"color: #a27e31;\">Von uns erfasste Daten<\/span><\/h2><p>Die pers\u00f6nlichen Daten, die Sie angeben m\u00fcssen, und die Gr\u00fcnde, warum Sie dazu aufgefordert werden, werden Ihnen zum Zeitpunkt der Aufforderung zur Angabe Ihrer pers\u00f6nlichen Daten klar mitgeteilt. Wenn Sie uns direkt kontaktieren, erhalten wir m\u00f6glicherweise zus\u00e4tzliche Informationen \u00fcber Sie, wie Ihren Namen, Ihre E-Mail-Adresse, Ihre Telefonnummer, den Inhalt der Nachricht und\/oder Anh\u00e4nge, die Sie uns senden, und alle anderen Informationen, die Sie uns m\u00f6glicherweise zur Verf\u00fcgung stellen. Wenn Sie sich f\u00fcr ein Konto registrieren, fragen wir Sie m\u00f6glicherweise nach Ihren Kontaktinformationen, einschlie\u00dflich Angaben wie Name, Firmenname, Adresse, E-Mail-Adresse und Telefonnummer.<\/p><h2><span style=\"color: #a27e31;\">Erfassung und Verwendung von Informationen<\/span><\/h2><p>Damit Sie unseren Service besser nutzen k\u00f6nnen, m\u00fcssen Sie uns m\u00f6glicherweise bestimmte personenbezogene Daten mitteilen, darunter Ihren Namen, Ihre E-Mail-Adresse, Telefonnummer und Postanschrift. Die von uns gesammelten Informationen werden verwendet, um Sie zu kontaktieren oder zu identifizieren.<\/p><h2><span style=\"color: #a27e31;\">Protokolldaten<\/span><\/h2><p>Wir m\u00f6chten Sie dar\u00fcber informieren, dass wir bei jedem Besuch unseres Dienstes Informationen sammeln, die Ihr Browser an uns sendet und die als Protokolldaten bezeichnet werden. Diese Protokolldaten k\u00f6nnen Informationen wie die Internetprotokolladresse (\u201eIP\u201c) Ihres Computers, die Browserversion, die von Ihnen besuchten Seiten unseres Dienstes, die Uhrzeit und das Datum Ihres Besuchs, die auf diesen Seiten verbrachte Zeit und andere Statistiken enthalten.<\/p><h2><span style=\"color: #a27e31;\">Cookies<\/span><\/h2><p>Cookies sind Dateien mit kleinen Datenmengen, die \u00fcblicherweise als anonyme, eindeutige Kennung verwendet werden. Diese werden von der von Ihnen besuchten Website an Ihren Browser gesendet und auf der Festplatte Ihres Computers gespeichert.<\/p><p>Our website uses these &#8220;cookies&#8221; to collection information and to improve our Service. You have the option to either accept or refuse these cookies, and know when a cookie is being sent to your computer. If you choose to refuse our cookies, you will not be able to use <strong>Bitcoin Future<\/strong> and you may not be able to use some portions of our Service.<\/p><h2><span style=\"color: #a27e31;\">Leistungsanbieter<\/span><\/h2><p>Wir beauftragen Drittunternehmen aus folgenden Gr\u00fcnden:<\/p><ul><li>To create the accounts that you want to use with <strong>Bitcoin Future<\/strong>;<\/li><li>Um den Dienst in unserem Namen bereitzustellen;<\/li><li>Um Service-bezogene Dienstleistungen zu erbringen; oder<\/li><li>Um uns bei der Analyse der Nutzung unseres Dienstes zu unterst\u00fctzen.<\/li><\/ul><p>Wir m\u00f6chten die Nutzer unseres Dienstes dar\u00fcber informieren, dass diese Drittparteien Zugriff auf Ihre personenbezogenen Daten haben. Der Grund hierf\u00fcr ist, dass sie die ihnen zugewiesenen Aufgaben in unserem Namen ausf\u00fchren. Sie sind jedoch verpflichtet, die Informationen nicht offenzulegen oder f\u00fcr andere Zwecke zu verwenden.<\/p><h2><span style=\"color: #a27e31;\">Sicherheit<\/span><\/h2><p>Wir sch\u00e4tzen Ihr Vertrauen, das Sie uns bei der Bereitstellung Ihrer pers\u00f6nlichen Daten entgegenbringen, und bem\u00fchen uns daher, diese mit kommerziell akzeptablen Mitteln zu sch\u00fctzen. Bedenken Sie jedoch, dass keine Methode der \u00dcbertragung \u00fcber das Internet oder Methode der elektronischen Speicherung 100 % sicher und zuverl\u00e4ssig ist und wir keine absolute Sicherheit garantieren k\u00f6nnen. Es ist auch Ihre Aufgabe, Ihre Daten zu sch\u00fctzen und beispielsweise Ihre pers\u00f6nlichen Daten nicht \u00fcber \u00f6ffentliches WLAN zu \u00fcbertragen.<\/p><h2><span style=\"color: #a27e31;\">Datenschutz f\u00fcr Kinder<\/span><\/h2><p>Unsere Dienste richten sich nicht an Personen unter 13 Jahren. Wir erfassen wissentlich keine personenbezogenen Daten von Kindern unter 13 Jahren. Falls wir feststellen, dass ein Kind unter 13 Jahren uns personenbezogene Daten \u00fcbermittelt hat, l\u00f6schen wir diese umgehend von unseren Servern. Wenn Sie ein Elternteil oder Erziehungsberechtigter sind und wissen, dass Ihr Kind uns personenbezogene Daten \u00fcbermittelt hat, kontaktieren Sie uns bitte, damit wir die erforderlichen Ma\u00dfnahmen ergreifen k\u00f6nnen.<\/p><h2><span style=\"color: #a27e31;\">\u00c4nderungen dieser Datenschutzrichtlinie<\/span><\/h2><p>Wir k\u00f6nnen unsere Datenschutzrichtlinie von Zeit zu Zeit aktualisieren. Daher empfehlen wir Ihnen, diese Seite regelm\u00e4\u00dfig auf \u00c4nderungen zu \u00fcberpr\u00fcfen. Wir werden Sie \u00fcber alle \u00c4nderungen informieren, indem wir die neue Datenschutzrichtlinie auf dieser Seite ver\u00f6ffentlichen. Diese \u00c4nderungen werden sofort wirksam, nachdem sie auf dieser Seite ver\u00f6ffentlicht wurden.<\/p><h2><span style=\"color: #a27e31;\">Kontaktieren Sie uns<\/span><\/h2><p>If you have any questions or suggestions about our Privacy Policy, do not hesitate to contact us at <a href=\"mailto:support@bitcoin-future.trading\">support@bitcoin-future.trading<\/a><\/p><\/div><\/div><\/div><\/div><\/header><footer class=\"bg-light text-center\"><div class=\"container\"><div class=\"row\"><div class=\"w-100\"><div class=\"mb-0 text-justify\">\u00a0<\/div><\/div><\/div><\/div><\/footer>\t\t\t\t\t\t\t\t<\/div>\n\t\t\t\t\t<\/div>\n\t\t\t\t<\/div>\n\t\t\t\t<div class=\"elementor-element elementor-element-ab1cbff elementor-widget elementor-widget-spacer\" data-id=\"ab1cbff\" data-element_type=\"widget\" data-e-type=\"widget\" data-widget_type=\"spacer.default\">\n\t\t\t\t\t\t\t<div class=\"elementor-spacer\">\n\t\t\t<div class=\"elementor-spacer-inner\"><\/div>\n\t\t<\/div>\n\t\t\t\t\t\t<\/div>\n\t\t\t\t\t<\/div>\n\t\t\t\t<\/div>\n\t\t\t\t<\/div>","protected":false},"excerpt":{"rendered":"<p>PRIVACY POLICY This page is used to inform website visitors regarding our policies with the collection, use, and disclosure of Personal Information if anyone decided to use our Service, the Bitcoin-Future website. If you choose to use our Service, then you agree to the collection and use of information in relation with this policy. The [&hellip;]<\/p>\n","protected":false},"author":1,"featured_media":0,"parent":0,"menu_order":0,"comment_status":"closed","ping_status":"closed","template":"elementor_header_footer","meta":{"footnotes":""},"class_list":["post-22","page","type-page","status-publish","hentry"],"_links":{"self":[{"href":"https:\/\/bitcoin-future.trading\/de\/wp-json\/wp\/v2\/pages\/22","targetHints":{"allow":["GET"]}}],"collection":[{"href":"https:\/\/bitcoin-future.trading\/de\/wp-json\/wp\/v2\/pages"}],"about":[{"href":"https:\/\/bitcoin-future.trading\/de\/wp-json\/wp\/v2\/types\/page"}],"author":[{"embeddable":true,"href":"https:\/\/bitcoin-future.trading\/de\/wp-json\/wp\/v2\/users\/1"}],"replies":[{"embeddable":true,"href":"https:\/\/bitcoin-future.trading\/de\/wp-json\/wp\/v2\/comments?post=22"}],"version-history":[{"count":62,"href":"https:\/\/bitcoin-future.trading\/de\/wp-json\/wp\/v2\/pages\/22\/revisions"}],"predecessor-version":[{"id":1669,"href":"https:\/\/bitcoin-future.trading\/de\/wp-json\/wp\/v2\/pages\/22\/revisions\/1669"}],"wp:attachment":[{"href":"https:\/\/bitcoin-future.trading\/de\/wp-json\/wp\/v2\/media?parent=22"}],"curies":[{"name":"wp","href":"https:\/\/api.w.org\/{rel}","templated":true}]}}