{"id":21,"date":"2023-10-30T12:36:43","date_gmt":"2023-10-30T12:36:43","guid":{"rendered":"https:\/\/bitcoin-future.trading\/?page_id=21"},"modified":"2025-12-15T09:17:26","modified_gmt":"2025-12-15T09:17:26","slug":"geschaftsbedingungen","status":"publish","type":"page","link":"https:\/\/bitcoin-future.trading\/de\/terms-conditions\/","title":{"rendered":"Allgemeine Gesch\u00e4ftsbedingungen\u00a0"},"content":{"rendered":"<div data-elementor-type=\"wp-page\" data-elementor-id=\"21\" class=\"elementor elementor-21\" data-elementor-post-type=\"page\">\n\t\t\t\t<div class=\"elementor-element elementor-element-264a74e e-flex e-con-boxed e-con e-parent\" data-id=\"264a74e\" data-element_type=\"container\" data-e-type=\"container\" data-settings=\"{&quot;background_background&quot;:&quot;classic&quot;}\">\n\t\t\t\t\t<div class=\"e-con-inner\">\n\t\t\t\t<div class=\"elementor-element elementor-element-5510135 elementor-widget elementor-widget-spacer\" data-id=\"5510135\" data-element_type=\"widget\" data-e-type=\"widget\" data-widget_type=\"spacer.default\">\n\t\t\t\t\t\t\t<div class=\"elementor-spacer\">\n\t\t\t<div class=\"elementor-spacer-inner\"><\/div>\n\t\t<\/div>\n\t\t\t\t\t\t<\/div>\n\t\t<div class=\"elementor-element elementor-element-45d8c4a e-flex e-con-boxed e-con e-child\" data-id=\"45d8c4a\" data-element_type=\"container\" data-e-type=\"container\">\n\t\t\t\t\t<div class=\"e-con-inner\">\n\t\t\t\t<div class=\"elementor-element elementor-element-170844e elementor-widget elementor-widget-heading\" data-id=\"170844e\" data-element_type=\"widget\" data-e-type=\"widget\" data-widget_type=\"heading.default\">\n\t\t\t\t\t<h1 class=\"elementor-heading-title elementor-size-default\">GESCH\u00c4FTSBEDINGUNGEN<\/h1>\t\t\t\t<\/div>\n\t\t\t\t<div class=\"elementor-element elementor-element-4a53c30 elementor-widget elementor-widget-text-editor\" data-id=\"4a53c30\" data-element_type=\"widget\" data-e-type=\"widget\" data-widget_type=\"text-editor.default\">\n\t\t\t\t\t\t\t\t\t<h2><span style=\"color: #a27e31;\">Einf\u00fchrung<\/span><\/h2><p>These Website Standard Terms and Conditions written on this webpage shall manage your use of our website, <strong>Bitcoin Future<\/strong> accessible at <a href=\"https:\/\/bitcoin-future.trading\/de\/\">https:\/\/bitcoin-future.trading\/<\/a><\/p><p>Diese Bedingungen gelten in vollem Umfang und betreffen Ihre Nutzung dieser Website. Durch die Nutzung dieser Website erkl\u00e4ren Sie sich mit allen hier aufgef\u00fchrten Bedingungen einverstanden. Sie d\u00fcrfen diese Website nicht nutzen, wenn Sie mit diesen Allgemeinen Gesch\u00e4ftsbedingungen nicht einverstanden sind.<\/p><h2><span style=\"color: #a27e31;\">Geistiges Eigentumsrecht<\/span><\/h2><p>Other than the content you own, under these Terms, <strong>Bitcoin Future<\/strong> and\/or its licensors own all the intellectual property rights and materials contained in this Website.<\/p><p>You are granted an access only for purposes of viewing the material contained on this Website in particular the use of the software\/application <strong>Bitcoin Future<\/strong> accessible at <a href=\"https:\/\/bitcoin-future.trading\/de\/\">https:\/\/bitcoin-future.trading\/<\/a><\/p><h2><span style=\"color: #a27e31;\">Einschr\u00e4nkungen<\/span><\/h2><p>Folgendes ist Ihnen ausdr\u00fccklich untersagt:<\/p><ul><li>Ver\u00f6ffentlichung von Website-Material in anderen Medien;<\/li><li>Verkauf, Unterlizenzierung und\/oder sonstige Kommerzialisierung von Website-Material;<\/li><li>\u00f6ffentliches Auff\u00fchren und\/oder Vorf\u00fchren von Website-Material;<\/li><li>diese Website in einer Weise zu nutzen, die dieser Website schadet oder schaden k\u00f6nnte;<\/li><li>diese Website in einer Weise zu nutzen, die den Benutzerzugriff auf diese Website beeintr\u00e4chtigt;<\/li><li>die Nutzung dieser Website entgegen geltenden Gesetzen und Vorschriften oder in irgendeiner Weise, die der Website oder einer nat\u00fcrlichen oder gesch\u00e4ftlichen Einheit Schaden zuf\u00fcgen kann;<\/li><li>Durchf\u00fchrung von Data Mining, Datenerhebung, Datenextraktion oder anderen \u00e4hnlichen Aktivit\u00e4ten in Bezug auf diese Website;<\/li><\/ul><p>Certain areas of this Website are restricted from being access by you and <strong>Bitcoin Future<\/strong> may further restrict access by you to any areas of this Website, at any time, in absolute discretion. Any user ID, email and password you may have for this Website are confidential and you must maintain confidentiality as well.<\/p><h2><span style=\"color: #a27e31;\">Ihr Inhalt<\/span><\/h2><p>In these Website Standard Terms and Conditions, &#8220;Your Content&#8221; shall mean your account data with <strong>Bitcoin Future<\/strong>, &#8220;Your Content TP&#8221; shall mean your accounts at the third party partners that are connected to <b>Bitcoin Future<\/b>.<\/p><p>By registering on <strong>Bitcoin Future<\/strong> with &#8220;Your Content&#8221;, you grant <strong>Bitcoin Future<\/strong> access to &#8220;Your Content&#8221;, you grant <strong>Bitcoin Future<\/strong> copy\/transfer of &#8220;Your Content&#8221; to one of the third party partners.<\/p><p>By your activity on <strong>Bitcoin Future<\/strong>, you grant <strong>Bitcoin Future<\/strong> access to &#8220;Your Content TP&#8221;, you request\/authorize <b>Bitcoin Future<\/b> to reproduce\/act on your &#8220;Your Content TP&#8221;.<\/p><p><strong>Bitcoin Future<\/strong> is granted by nature access at any time to &#8220;Your Content&#8221;, whereas access to &#8220;Your Content TP&#8221; is granted only by you when you are connected to <strong>Bitcoin Future<\/strong> at <a href=\"https:\/\/bitcoin-future.trading\/de\/\">https:\/\/bitcoin-future.trading\/<\/a><\/p><p>&#8220;Your Content&#8221; can be removed at any time via <strong>Bitcoin Future<\/strong> interface. &#8220;Your Content TP&#8221; can be removed via the concerned third party partner website. <strong>Bitcoin Future<\/strong> reserves the right to remove any of Your Content at any time without notice.<\/p><h2><span style=\"color: #a27e31;\">Keine Garantien<\/span><\/h2><p>This Website is provided &#8220;as is,&#8221; with all faults, and <strong>Bitcoin Future<\/strong> express no representations or warranties, of any kind related to this Website or the materials contained on this Website. Also, nothing contained on this Website shall be interpreted as advising you.<\/p><h2><span style=\"color: #a27e31;\">Haftungsbeschr\u00e4nkung<\/span><\/h2><p>In no event shall <strong>Bitcoin Future<\/strong>, nor any of its officers, directors and employees, shall be held liable for anything arising out of or in any way connected with your use of this Website whether such liability is under contract. <strong>Bitcoin Future<\/strong>, including its officers, directors and employees shall not be held liable for any indirect, consequential or special liability arising out of or in any way related to your use of this Website.<\/p><h2><span style=\"color: #a27e31;\">Schadloshaltung<\/span><\/h2><p>You hereby indemnify to the fullest extent <strong>Bitcoin Future<\/strong> from and against any and\/or all liabilities, costs, demands, causes of action, damages and expenses arising in any way related to your breach of any of the provisions of these Terms.<\/p><h2><span style=\"color: #a27e31;\">Salvatorische Klausel<\/span><\/h2><p>Sollte sich eine Bestimmung dieser Bedingungen gem\u00e4\u00df geltendem Recht als ung\u00fcltig erweisen, wird diese Bestimmung gel\u00f6scht, ohne dass die \u00fcbrigen Bestimmungen hiervon ber\u00fchrt werden.<\/p><h2><span style=\"color: #a27e31;\">Variation der Begriffe<\/span><\/h2><p><strong>Bitcoin Future<\/strong> is permitted to revise these Terms at any time as it sees fit, and by using this Website you are expected to review these Terms on a regular basis.<\/p><h2><span style=\"color: #a27e31;\">Abtretung<\/span><\/h2><p>The <strong>Bitcoin Future<\/strong> is allowed to assign, transfer, and subcontract its rights and\/or obligations under these Terms without any notification. However, you are not allowed to assign, transfer, or subcontract any of your rights and\/or obligations under these Terms.<\/p><h2><span style=\"color: #a27e31;\">Gesamte Vereinbarung<\/span><\/h2><p>These Terms constitute the entire agreement between <strong>Bitcoin Future<\/strong> and you in relation to your use of this Website, and supersede all prior agreements and understandings.<\/p><h2><span style=\"color: #a27e31;\">Eingeschr\u00e4nkte L\u00e4nder<\/span><\/h2><p><strong>Bitcoin Future<\/strong> access is restricted to residents of those countries: Afghanistan, Algeria, Belgium, Chad, France, Iran, Iraq, Israel, Korea, Libya, Mali, Morocco, Palestine, Syria, Tunisia, United States, Yemen<\/p><h2><span style=\"color: #a27e31;\">Geltendes Recht und Gerichtsbarkeit<\/span><\/h2><p>Diese Bedingungen unterliegen den gesetzlichen Bestimmungen und werden entsprechend ausgelegt. Zur Beilegung etwaiger Streitigkeiten unterwerfen Sie sich der nicht ausschlie\u00dflichen Gerichtsbarkeit der Staats- und Bundesgerichte Ihres Landes.<\/p>\t\t\t\t\t\t\t\t<\/div>\n\t\t\t\t\t<\/div>\n\t\t\t\t<\/div>\n\t\t\t\t<div class=\"elementor-element elementor-element-f91a87e elementor-widget elementor-widget-spacer\" data-id=\"f91a87e\" data-element_type=\"widget\" data-e-type=\"widget\" data-widget_type=\"spacer.default\">\n\t\t\t\t\t\t\t<div class=\"elementor-spacer\">\n\t\t\t<div class=\"elementor-spacer-inner\"><\/div>\n\t\t<\/div>\n\t\t\t\t\t\t<\/div>\n\t\t\t\t\t<\/div>\n\t\t\t\t<\/div>\n\t\t\t\t<\/div>","protected":false},"excerpt":{"rendered":"<p>TERMS AND CONDITIONS Introduction These Website Standard Terms and Conditions written on this webpage shall manage your use of our website, Bitcoin Future accessible at https:\/\/bitcoin-future.trading\/ These Terms will be applied fully and affect to your use of this Website. By using this Website, you agreed to accept all terms and conditions written in here. [&hellip;]<\/p>\n","protected":false},"author":1,"featured_media":0,"parent":0,"menu_order":0,"comment_status":"closed","ping_status":"closed","template":"elementor_header_footer","meta":{"footnotes":""},"class_list":["post-21","page","type-page","status-publish","hentry"],"_links":{"self":[{"href":"https:\/\/bitcoin-future.trading\/de\/wp-json\/wp\/v2\/pages\/21","targetHints":{"allow":["GET"]}}],"collection":[{"href":"https:\/\/bitcoin-future.trading\/de\/wp-json\/wp\/v2\/pages"}],"about":[{"href":"https:\/\/bitcoin-future.trading\/de\/wp-json\/wp\/v2\/types\/page"}],"author":[{"embeddable":true,"href":"https:\/\/bitcoin-future.trading\/de\/wp-json\/wp\/v2\/users\/1"}],"replies":[{"embeddable":true,"href":"https:\/\/bitcoin-future.trading\/de\/wp-json\/wp\/v2\/comments?post=21"}],"version-history":[{"count":31,"href":"https:\/\/bitcoin-future.trading\/de\/wp-json\/wp\/v2\/pages\/21\/revisions"}],"predecessor-version":[{"id":1672,"href":"https:\/\/bitcoin-future.trading\/de\/wp-json\/wp\/v2\/pages\/21\/revisions\/1672"}],"wp:attachment":[{"href":"https:\/\/bitcoin-future.trading\/de\/wp-json\/wp\/v2\/media?parent=21"}],"curies":[{"name":"wp","href":"https:\/\/api.w.org\/{rel}","templated":true}]}}